{"id":995,"date":"2024-04-18T08:42:40","date_gmt":"2024-04-18T12:42:40","guid":{"rendered":"https:\/\/morehousefoods.ca\/our-capacities\/industrial\/"},"modified":"2024-12-10T11:38:47","modified_gmt":"2024-12-10T16:38:47","slug":"industriel","status":"publish","type":"page","link":"https:\/\/morehousefoods.ca\/fr\/notre-offre\/industriel\/","title":{"rendered":"Industriel"},"content":{"rendered":"\n<div class=\"wp-block-group ghostkit-custom-ZPRJOC is-layout-constrained wp-block-group-is-layout-constrained\"><div class=\"wp-block-group__inner-container\">\n<div class=\"ghostkit-grid ghostkit-grid-gap-md\"><div class=\"ghostkit-grid-inner\">\n<div class=\"ghostkit-col ghostkit-col-8\"><div class=\"ghostkit-col-content is-layout-flow wp-block-grid-column-is-layout-flow\">\n<h1 class=\"wp-block-heading ghostkit-custom-26xwcL\" id=\"industriel\">Industriel<\/h1>\n\n\n\n<h4><strong>Des f\u00fbts aux camions-citernes, nous avons la capacit\u00e9 de fournir l&rsquo;ingr\u00e9dient id\u00e9al pour votre prochaine production.<\/strong><\/h4>\n<\/div><\/div>\n<\/div><\/div>\n<\/div><\/div>\n\n\n\n<div class=\"wp-block-group ghostkit-custom-ZIAP9s is-layout-constrained wp-block-group-is-layout-constrained\"><div class=\"wp-block-group__inner-container\">\n<div class=\"wp-block-columns is-layout-flex wp-container-core-columns-layout-1 wp-block-columns-is-layout-flex\">\n<div class=\"wp-block-column is-layout-flow wp-block-column-is-layout-flow\" style=\"flex-basis:75%\">\n<p style=\"font-size:20px\">Que ce soit des moutardes, de la mayonnaise ou des vinaigrettes, nous avons la capacit\u00e9 de fournir l&rsquo;ingr\u00e9dient parfait pour votre prochaine production. Notre flexibilit\u00e9 nous permet de nous adapter en fournissant des options allant des barils aux camions-citernes pour r\u00e9pondre \u00e0 vos besoins en volume \u00e9lev\u00e9.<\/p>\n\n\n\n<figure class=\"wp-block-image size-full ghostkit-custom-147y6R\"><img decoding=\"async\" width=\"2560\" height=\"1706\" data-src=\"https:\/\/morehousefoods.ca\/wp-content\/uploads\/2024\/08\/cuves-industrielles-scaled.jpg\" alt=\"\" class=\"wp-image-1411 lazyload\" style=\"--smush-placeholder-width: 2560px; --smush-placeholder-aspect-ratio: 2560\/1706;aspect-ratio:3\/2;object-fit:cover\" data-srcset=\"https:\/\/morehousefoods.ca\/wp-content\/uploads\/2024\/08\/cuves-industrielles-scaled.jpg 2560w, https:\/\/morehousefoods.ca\/wp-content\/uploads\/2024\/08\/cuves-industrielles-300x200.jpg 300w, https:\/\/morehousefoods.ca\/wp-content\/uploads\/2024\/08\/cuves-industrielles-1024x683.jpg 1024w, https:\/\/morehousefoods.ca\/wp-content\/uploads\/2024\/08\/cuves-industrielles-768x512.jpg 768w, https:\/\/morehousefoods.ca\/wp-content\/uploads\/2024\/08\/cuves-industrielles-1536x1024.jpg 1536w, https:\/\/morehousefoods.ca\/wp-content\/uploads\/2024\/08\/cuves-industrielles-2048x1365.jpg 2048w, https:\/\/morehousefoods.ca\/wp-content\/uploads\/2024\/08\/cuves-industrielles-1200x800.jpg 1200w, https:\/\/morehousefoods.ca\/wp-content\/uploads\/2024\/08\/cuves-industrielles-1980x1320.jpg 1980w\" data-sizes=\"(max-width: 2560px) 100vw, 2560px\" src=\"data:image\/svg+xml;base64,PHN2ZyB3aWR0aD0iMSIgaGVpZ2h0PSIxIiB4bWxucz0iaHR0cDovL3d3dy53My5vcmcvMjAwMC9zdmciPjwvc3ZnPg==\" \/><\/figure>\n<\/div>\n<\/div>\n<\/div><\/div>\n\n\n\n<div class=\"wp-block-group alignfull ghostkit-custom-Z17X8BK has-background is-layout-constrained wp-block-group-is-layout-constrained\" style=\"background-color:#fff3e0\"><div class=\"wp-block-group__inner-container\">\n<div class=\"alignwide ghostkit-grid ghostkit-grid-gap-md\"><div class=\"ghostkit-grid-inner\">\n<div class=\"ghostkit-col ghostkit-col-md-12 ghostkit-col-lg-12 ghostkit-col-6 ghostkit-custom-Z11Vx7M\"><div class=\"ghostkit-col-content is-layout-flow wp-block-grid-column-is-layout-flow\">\n<h2 class=\"wp-block-heading\" id=\"formats-disponibles\">Formats disponibles<\/h2>\n\n\n\n<p>Nos installations sont enti\u00e8rement \u00e9quip\u00e9es pour r\u00e9pondre aux besoins en volume de l&rsquo;industrie, qu&rsquo;il s&rsquo;agisse de f\u00fbts, de bacs ou de camions-citernes. Nous sommes pr\u00eats \u00e0 soutenir vos op\u00e9rations avec des solutions adapt\u00e9es \u00e0 chaque exigence.<\/p>\n<\/div><\/div>\n<\/div><\/div>\n<\/div><\/div>\n","protected":false},"excerpt":{"rendered":"<p>Industriel Des f\u00fbts aux camions-citernes, nous avons la capacit\u00e9 de fournir l&rsquo;ingr\u00e9dient id\u00e9al pour votre prochaine production. Que ce soit des moutardes, de la mayonnaise ou des vinaigrettes, nous avons la capacit\u00e9 de fournir l&rsquo;ingr\u00e9dient parfait pour votre prochaine production. Notre flexibilit\u00e9 nous permet de nous adapter en fournissant des options allant des barils aux [&hellip;]<\/p>\n","protected":false},"author":1,"featured_media":0,"parent":978,"menu_order":0,"comment_status":"closed","ping_status":"closed","template":"","meta":{"_acf_changed":false,"jsforwpblocks_gb_metabox":"","inline_featured_image":false,"ghostkit_customizer_options":"","ghostkit_custom_css":"","ghostkit_custom_js_head":"","ghostkit_custom_js_foot":"","ghostkit_typography":"","footnotes":""},"acf":[],"yoast_head":"<!-- This site is optimized with the Yoast SEO plugin v23.5 - https:\/\/yoast.com\/wordpress\/plugins\/seo\/ -->\n<title>Industriel - Morehouse Foods<\/title>\n<meta name=\"description\" content=\"Nous avons la flexibilit\u00e9 pour fournir l&#039;ingr\u00e9dient parfait pour votre prochaine production, offrant des options allant des f\u00fbts aux camions-citernes pour r\u00e9pondre \u00e0 vos besoins en volume \u00e9lev\u00e9.\" \/>\n<meta name=\"robots\" content=\"index, follow, max-snippet:-1, max-image-preview:large, max-video-preview:-1\" \/>\n<link rel=\"canonical\" href=\"https:\/\/morehousefoods.ca\/fr\/notre-offre\/industriel\/\" \/>\n<meta property=\"og:type\" content=\"article\" \/>\n<meta property=\"og:title\" content=\"Industriel - Morehouse Foods\" \/>\n<meta property=\"og:description\" content=\"Nous avons la flexibilit\u00e9 pour fournir l&#039;ingr\u00e9dient parfait pour votre prochaine production, offrant des options allant des f\u00fbts aux camions-citernes pour r\u00e9pondre \u00e0 vos besoins en volume \u00e9lev\u00e9.\" \/>\n<meta property=\"og:url\" content=\"https:\/\/morehousefoods.ca\/fr\/notre-offre\/industriel\/\" \/>\n<meta property=\"og:site_name\" content=\"Morehouse Foods\" \/>\n<meta property=\"article:modified_time\" content=\"2024-12-10T16:38:47+00:00\" \/>\n<meta property=\"og:image\" content=\"https:\/\/morehousefoods.ca\/wp-content\/uploads\/2024\/08\/cuves-industrielles-scaled.jpg\" \/>\n<meta name=\"twitter:card\" content=\"summary_large_image\" \/>\n<meta name=\"twitter:label1\" content=\"Estimation du temps de lecture\" \/>\n\t<meta name=\"twitter:data1\" content=\"1 minute\" \/>\n<script type=\"application\/ld+json\" class=\"yoast-schema-graph\">{\"@context\":\"https:\/\/schema.org\",\"@graph\":[{\"@type\":\"WebPage\",\"@id\":\"https:\/\/morehousefoods.ca\/fr\/notre-offre\/industriel\/\",\"url\":\"https:\/\/morehousefoods.ca\/fr\/notre-offre\/industriel\/\",\"name\":\"Industriel - Morehouse Foods\",\"isPartOf\":{\"@id\":\"https:\/\/morehousefoods.ca\/fr\/#website\"},\"primaryImageOfPage\":{\"@id\":\"https:\/\/morehousefoods.ca\/fr\/notre-offre\/industriel\/#primaryimage\"},\"image\":{\"@id\":\"https:\/\/morehousefoods.ca\/fr\/notre-offre\/industriel\/#primaryimage\"},\"thumbnailUrl\":\"https:\/\/morehousefoods.ca\/wp-content\/uploads\/2024\/08\/cuves-industrielles-scaled.jpg\",\"datePublished\":\"2024-04-18T12:42:40+00:00\",\"dateModified\":\"2024-12-10T16:38:47+00:00\",\"description\":\"Nous avons la flexibilit\u00e9 pour fournir l'ingr\u00e9dient parfait pour votre prochaine production, offrant des options allant des f\u00fbts aux camions-citernes pour r\u00e9pondre \u00e0 vos besoins en volume \u00e9lev\u00e9.\",\"breadcrumb\":{\"@id\":\"https:\/\/morehousefoods.ca\/fr\/notre-offre\/industriel\/#breadcrumb\"},\"inLanguage\":\"fr-CA\",\"potentialAction\":[{\"@type\":\"ReadAction\",\"target\":[\"https:\/\/morehousefoods.ca\/fr\/notre-offre\/industriel\/\"]}]},{\"@type\":\"ImageObject\",\"inLanguage\":\"fr-CA\",\"@id\":\"https:\/\/morehousefoods.ca\/fr\/notre-offre\/industriel\/#primaryimage\",\"url\":\"https:\/\/morehousefoods.ca\/wp-content\/uploads\/2024\/08\/cuves-industrielles-scaled.jpg\",\"contentUrl\":\"https:\/\/morehousefoods.ca\/wp-content\/uploads\/2024\/08\/cuves-industrielles-scaled.jpg\"},{\"@type\":\"BreadcrumbList\",\"@id\":\"https:\/\/morehousefoods.ca\/fr\/notre-offre\/industriel\/#breadcrumb\",\"itemListElement\":[{\"@type\":\"ListItem\",\"position\":1,\"name\":\"Accueil\",\"item\":\"https:\/\/morehousefoods.ca\/fr\/\"},{\"@type\":\"ListItem\",\"position\":2,\"name\":\"Notre offre\",\"item\":\"https:\/\/morehousefoods.ca\/fr\/our-capacities\/\"},{\"@type\":\"ListItem\",\"position\":3,\"name\":\"Industriel\"}]},{\"@type\":\"WebSite\",\"@id\":\"https:\/\/morehousefoods.ca\/fr\/#website\",\"url\":\"https:\/\/morehousefoods.ca\/fr\/\",\"name\":\"Morehouse Foods\",\"description\":\"\",\"publisher\":{\"@id\":\"https:\/\/morehousefoods.ca\/fr\/#organization\"},\"potentialAction\":[{\"@type\":\"SearchAction\",\"target\":{\"@type\":\"EntryPoint\",\"urlTemplate\":\"https:\/\/morehousefoods.ca\/fr\/?s={search_term_string}\"},\"query-input\":{\"@type\":\"PropertyValueSpecification\",\"valueRequired\":true,\"valueName\":\"search_term_string\"}}],\"inLanguage\":\"fr-CA\"},{\"@type\":\"Organization\",\"@id\":\"https:\/\/morehousefoods.ca\/fr\/#organization\",\"name\":\"Morehouse Foods\",\"url\":\"https:\/\/morehousefoods.ca\/fr\/\",\"logo\":{\"@type\":\"ImageObject\",\"inLanguage\":\"fr-CA\",\"@id\":\"https:\/\/morehousefoods.ca\/fr\/#\/schema\/logo\/image\/\",\"url\":\"https:\/\/morehousefoods.ca\/wp-content\/uploads\/2024\/04\/logo-dark-1-1.svg\",\"contentUrl\":\"https:\/\/morehousefoods.ca\/wp-content\/uploads\/2024\/04\/logo-dark-1-1.svg\",\"width\":187,\"height\":48,\"caption\":\"Morehouse Foods\"},\"image\":{\"@id\":\"https:\/\/morehousefoods.ca\/fr\/#\/schema\/logo\/image\/\"}}]}<\/script>\n<!-- \/ Yoast SEO plugin. -->","yoast_head_json":{"title":"Industriel - Morehouse Foods","description":"Nous avons la flexibilit\u00e9 pour fournir l'ingr\u00e9dient parfait pour votre prochaine production, offrant des options allant des f\u00fbts aux camions-citernes pour r\u00e9pondre \u00e0 vos besoins en volume \u00e9lev\u00e9.","robots":{"index":"index","follow":"follow","max-snippet":"max-snippet:-1","max-image-preview":"max-image-preview:large","max-video-preview":"max-video-preview:-1"},"canonical":"https:\/\/morehousefoods.ca\/fr\/notre-offre\/industriel\/","og_type":"article","og_title":"Industriel - Morehouse Foods","og_description":"Nous avons la flexibilit\u00e9 pour fournir l'ingr\u00e9dient parfait pour votre prochaine production, offrant des options allant des f\u00fbts aux camions-citernes pour r\u00e9pondre \u00e0 vos besoins en volume \u00e9lev\u00e9.","og_url":"https:\/\/morehousefoods.ca\/fr\/notre-offre\/industriel\/","og_site_name":"Morehouse Foods","article_modified_time":"2024-12-10T16:38:47+00:00","og_image":[{"url":"https:\/\/morehousefoods.ca\/wp-content\/uploads\/2024\/08\/cuves-industrielles-scaled.jpg"}],"twitter_card":"summary_large_image","twitter_misc":{"Estimation du temps de lecture":"1 minute"},"schema":{"@context":"https:\/\/schema.org","@graph":[{"@type":"WebPage","@id":"https:\/\/morehousefoods.ca\/fr\/notre-offre\/industriel\/","url":"https:\/\/morehousefoods.ca\/fr\/notre-offre\/industriel\/","name":"Industriel - Morehouse Foods","isPartOf":{"@id":"https:\/\/morehousefoods.ca\/fr\/#website"},"primaryImageOfPage":{"@id":"https:\/\/morehousefoods.ca\/fr\/notre-offre\/industriel\/#primaryimage"},"image":{"@id":"https:\/\/morehousefoods.ca\/fr\/notre-offre\/industriel\/#primaryimage"},"thumbnailUrl":"https:\/\/morehousefoods.ca\/wp-content\/uploads\/2024\/08\/cuves-industrielles-scaled.jpg","datePublished":"2024-04-18T12:42:40+00:00","dateModified":"2024-12-10T16:38:47+00:00","description":"Nous avons la flexibilit\u00e9 pour fournir l'ingr\u00e9dient parfait pour votre prochaine production, offrant des options allant des f\u00fbts aux camions-citernes pour r\u00e9pondre \u00e0 vos besoins en volume \u00e9lev\u00e9.","breadcrumb":{"@id":"https:\/\/morehousefoods.ca\/fr\/notre-offre\/industriel\/#breadcrumb"},"inLanguage":"fr-CA","potentialAction":[{"@type":"ReadAction","target":["https:\/\/morehousefoods.ca\/fr\/notre-offre\/industriel\/"]}]},{"@type":"ImageObject","inLanguage":"fr-CA","@id":"https:\/\/morehousefoods.ca\/fr\/notre-offre\/industriel\/#primaryimage","url":"https:\/\/morehousefoods.ca\/wp-content\/uploads\/2024\/08\/cuves-industrielles-scaled.jpg","contentUrl":"https:\/\/morehousefoods.ca\/wp-content\/uploads\/2024\/08\/cuves-industrielles-scaled.jpg"},{"@type":"BreadcrumbList","@id":"https:\/\/morehousefoods.ca\/fr\/notre-offre\/industriel\/#breadcrumb","itemListElement":[{"@type":"ListItem","position":1,"name":"Accueil","item":"https:\/\/morehousefoods.ca\/fr\/"},{"@type":"ListItem","position":2,"name":"Notre offre","item":"https:\/\/morehousefoods.ca\/fr\/our-capacities\/"},{"@type":"ListItem","position":3,"name":"Industriel"}]},{"@type":"WebSite","@id":"https:\/\/morehousefoods.ca\/fr\/#website","url":"https:\/\/morehousefoods.ca\/fr\/","name":"Morehouse Foods","description":"","publisher":{"@id":"https:\/\/morehousefoods.ca\/fr\/#organization"},"potentialAction":[{"@type":"SearchAction","target":{"@type":"EntryPoint","urlTemplate":"https:\/\/morehousefoods.ca\/fr\/?s={search_term_string}"},"query-input":{"@type":"PropertyValueSpecification","valueRequired":true,"valueName":"search_term_string"}}],"inLanguage":"fr-CA"},{"@type":"Organization","@id":"https:\/\/morehousefoods.ca\/fr\/#organization","name":"Morehouse Foods","url":"https:\/\/morehousefoods.ca\/fr\/","logo":{"@type":"ImageObject","inLanguage":"fr-CA","@id":"https:\/\/morehousefoods.ca\/fr\/#\/schema\/logo\/image\/","url":"https:\/\/morehousefoods.ca\/wp-content\/uploads\/2024\/04\/logo-dark-1-1.svg","contentUrl":"https:\/\/morehousefoods.ca\/wp-content\/uploads\/2024\/04\/logo-dark-1-1.svg","width":187,"height":48,"caption":"Morehouse Foods"},"image":{"@id":"https:\/\/morehousefoods.ca\/fr\/#\/schema\/logo\/image\/"}}]}},"_links":{"self":[{"href":"https:\/\/morehousefoods.ca\/fr\/wp-json\/wp\/v2\/pages\/995"}],"collection":[{"href":"https:\/\/morehousefoods.ca\/fr\/wp-json\/wp\/v2\/pages"}],"about":[{"href":"https:\/\/morehousefoods.ca\/fr\/wp-json\/wp\/v2\/types\/page"}],"author":[{"embeddable":true,"href":"https:\/\/morehousefoods.ca\/fr\/wp-json\/wp\/v2\/users\/1"}],"replies":[{"embeddable":true,"href":"https:\/\/morehousefoods.ca\/fr\/wp-json\/wp\/v2\/comments?post=995"}],"version-history":[{"count":8,"href":"https:\/\/morehousefoods.ca\/fr\/wp-json\/wp\/v2\/pages\/995\/revisions"}],"predecessor-version":[{"id":1833,"href":"https:\/\/morehousefoods.ca\/fr\/wp-json\/wp\/v2\/pages\/995\/revisions\/1833"}],"up":[{"embeddable":true,"href":"https:\/\/morehousefoods.ca\/fr\/wp-json\/wp\/v2\/pages\/978"}],"wp:attachment":[{"href":"https:\/\/morehousefoods.ca\/fr\/wp-json\/wp\/v2\/media?parent=995"}],"curies":[{"name":"wp","href":"https:\/\/api.w.org\/{rel}","templated":true}]}}